{"id":5,"date":"2020-12-01T11:00:21","date_gmt":"2020-12-01T11:00:21","guid":{"rendered":"https:\/\/seileraudio.de\/?page_id=5"},"modified":"2026-02-13T16:08:18","modified_gmt":"2026-02-13T16:08:18","slug":"willkommen-auf-https-seileraudio-de-2","status":"publish","type":"page","link":"https:\/\/seileraudio.de\/?page_id=5","title":{"rendered":"Natur und Umwelt"},"content":{"rendered":"\n<figure class=\"wp-block-gallery has-nested-images columns-default is-cropped wp-block-gallery-2 is-layout-flex wp-block-gallery-is-layout-flex\">\n<figure class=\"wp-block-image size-large\"><img loading=\"lazy\" decoding=\"async\" width=\"1024\" height=\"576\" data-id=\"239\" src=\"https:\/\/seileraudio.de\/wp-content\/uploads\/2026\/02\/IMG_4931-1024x576.jpg\" alt=\"\" class=\"wp-image-239\" srcset=\"https:\/\/seileraudio.de\/wp-content\/uploads\/2026\/02\/IMG_4931-1024x576.jpg 1024w, https:\/\/seileraudio.de\/wp-content\/uploads\/2026\/02\/IMG_4931-300x169.jpg 300w, https:\/\/seileraudio.de\/wp-content\/uploads\/2026\/02\/IMG_4931-768x432.jpg 768w, https:\/\/seileraudio.de\/wp-content\/uploads\/2026\/02\/IMG_4931-1536x864.jpg 1536w, https:\/\/seileraudio.de\/wp-content\/uploads\/2026\/02\/IMG_4931-2048x1152.jpg 2048w\" sizes=\"auto, (max-width: 1024px) 100vw, 1024px\" \/><figcaption class=\"wp-element-caption\">Preisverleihung<\/figcaption><\/figure>\n\n\n\n<figure class=\"wp-block-image size-large\"><img loading=\"lazy\" decoding=\"async\" width=\"1024\" height=\"768\" data-id=\"241\" src=\"https:\/\/seileraudio.de\/wp-content\/uploads\/2026\/02\/IMG_4310-1024x768.jpeg\" alt=\"\" class=\"wp-image-241\" srcset=\"https:\/\/seileraudio.de\/wp-content\/uploads\/2026\/02\/IMG_4310-1024x768.jpeg 1024w, https:\/\/seileraudio.de\/wp-content\/uploads\/2026\/02\/IMG_4310-300x225.jpeg 300w, https:\/\/seileraudio.de\/wp-content\/uploads\/2026\/02\/IMG_4310-768x576.jpeg 768w, https:\/\/seileraudio.de\/wp-content\/uploads\/2026\/02\/IMG_4310-1536x1152.jpeg 1536w, https:\/\/seileraudio.de\/wp-content\/uploads\/2026\/02\/IMG_4310-2048x1536.jpeg 2048w\" sizes=\"auto, (max-width: 1024px) 100vw, 1024px\" \/><figcaption class=\"wp-element-caption\">Kuh Renate<\/figcaption><\/figure>\n\n\n\n<figure class=\"wp-block-image size-large\"><img loading=\"lazy\" decoding=\"async\" width=\"1024\" height=\"768\" data-id=\"242\" src=\"https:\/\/seileraudio.de\/wp-content\/uploads\/2026\/02\/IMG_4403-1-1024x768.jpeg\" alt=\"\" class=\"wp-image-242\" srcset=\"https:\/\/seileraudio.de\/wp-content\/uploads\/2026\/02\/IMG_4403-1-1024x768.jpeg 1024w, https:\/\/seileraudio.de\/wp-content\/uploads\/2026\/02\/IMG_4403-1-300x225.jpeg 300w, https:\/\/seileraudio.de\/wp-content\/uploads\/2026\/02\/IMG_4403-1-768x576.jpeg 768w, https:\/\/seileraudio.de\/wp-content\/uploads\/2026\/02\/IMG_4403-1-1536x1152.jpeg 1536w, https:\/\/seileraudio.de\/wp-content\/uploads\/2026\/02\/IMG_4403-1-2048x1536.jpeg 2048w\" sizes=\"auto, (max-width: 1024px) 100vw, 1024px\" \/><figcaption class=\"wp-element-caption\">Beatrix im Gew\u00fchl<\/figcaption><\/figure>\n<\/figure>\n\n\n\n<h2 class=\"wp-block-heading\"><a href=\"https:\/\/www.hoerspielundfeature.de\/nutztiere-renate-beatrix-und-sau-6614-100.html\">Nutztiere &#8211; Renate, Beatrix und Sau 6614<\/a><\/h2>\n\n\n\n<p>Das Feature, produziert von Deutschlandfunk Kultur, erhielt bei der Gr\u00fcnen Woche 2025 den Preis &#8222;Faire Milch&#8220; vom Bundesverband deutscher Milchviehhalter. <\/p>\n\n\n\n<p>94 Prozent aller S\u00e4ugetiere auf der Welt sind Nutztiere. Drei davon stehen im Mittelpunkt dieses Features: Eine Hochleistungskuh, eine Freilandziege und eine Zuchtsau. Wie schauen wir heute auf eine jahrtausendealte Praxis?<\/p>\n\n\n\n<hr class=\"wp-block-separator has-alpha-channel-opacity\"\/>\n\n\n\n<figure class=\"wp-block-image size-large is-resized\"><a href=\"https:\/\/www.br.de\/radio\/bayern2\/sendungen\/radiowissen\/internetfassung-schlaue-schafe-100.html\"><img loading=\"lazy\" decoding=\"async\" width=\"1024\" height=\"768\" src=\"https:\/\/seileraudio.de\/wp-content\/uploads\/2026\/02\/IMG_0258-1024x768.jpeg\" alt=\"\" class=\"wp-image-236\" style=\"width:524px;height:auto\" srcset=\"https:\/\/seileraudio.de\/wp-content\/uploads\/2026\/02\/IMG_0258-1024x768.jpeg 1024w, https:\/\/seileraudio.de\/wp-content\/uploads\/2026\/02\/IMG_0258-300x225.jpeg 300w, https:\/\/seileraudio.de\/wp-content\/uploads\/2026\/02\/IMG_0258-768x576.jpeg 768w, https:\/\/seileraudio.de\/wp-content\/uploads\/2026\/02\/IMG_0258-1536x1152.jpeg 1536w, https:\/\/seileraudio.de\/wp-content\/uploads\/2026\/02\/IMG_0258-2048x1536.jpeg 2048w\" sizes=\"auto, (max-width: 1024px) 100vw, 1024px\" \/><\/a><figcaption class=\"wp-element-caption\">Knut Kuczniks Schwarzkopf-Herde. Mit Ziegen und Hunden<\/figcaption><\/figure>\n\n\n\n<h2 class=\"wp-block-heading\"><a href=\"https:\/\/www.br.de\/radio\/bayern2\/sendungen\/radiowissen\/internetfassung-schlaue-schafe-100.html\">Schlaue Schafe &#8211; Verkanntes Nutztier mit Zukunftschancen<\/a><\/h2>\n\n\n\n<hr class=\"wp-block-separator has-alpha-channel-opacity\"\/>\n\n\n\n<figure class=\"wp-block-image size-full is-resized\"><img loading=\"lazy\" decoding=\"async\" width=\"680\" height=\"453\" src=\"https:\/\/seileraudio.de\/wp-content\/uploads\/2026\/02\/20141007-nabu-schlehe-helge-may3.jpeg\" alt=\"\" class=\"wp-image-238\" style=\"aspect-ratio:1.5011454961998618;width:515px;height:auto\" srcset=\"https:\/\/seileraudio.de\/wp-content\/uploads\/2026\/02\/20141007-nabu-schlehe-helge-may3.jpeg 680w, https:\/\/seileraudio.de\/wp-content\/uploads\/2026\/02\/20141007-nabu-schlehe-helge-may3-300x200.jpeg 300w\" sizes=\"auto, (max-width: 680px) 100vw, 680px\" \/><figcaption class=\"wp-element-caption\">Schwarzdorn (Schlehen) Hecke in Niedersachsen (Foto vom Nabu)<\/figcaption><\/figure>\n\n\n\n<h2 class=\"wp-block-heading\"><a href=\"https:\/\/www.br.de\/mediathek\/podcast\/radiowissen\/die-hecke-grenze-sichtschutz-lebensraum\/2105169\">Die Hecke &#8211; Grenze, Sichtschutz, Lebensraum<\/a><\/h2>\n\n\n\n<hr class=\"wp-block-separator has-alpha-channel-opacity\"\/>\n\n\n\n<h2 class=\"wp-block-heading\"><a href=\"https:\/\/www.ardaudiothek.de\/episode\/radiowissen\/warum-tiere-kooperieren-altruismus-im-tierreich\/bayern-2\/13299077\/\">Warum Tiere kooperieren<\/a> <\/h2>\n\n\n\n<hr class=\"wp-block-separator has-alpha-channel-opacity\"\/>\n\n\n\n<figure class=\"wp-block-image size-large is-resized\"><img loading=\"lazy\" decoding=\"async\" width=\"1024\" height=\"768\" src=\"https:\/\/seileraudio.de\/wp-content\/uploads\/2026\/02\/IMG_4467-1024x768.jpeg\" alt=\"\" class=\"wp-image-243\" style=\"width:511px;height:auto\" srcset=\"https:\/\/seileraudio.de\/wp-content\/uploads\/2026\/02\/IMG_4467-1024x768.jpeg 1024w, https:\/\/seileraudio.de\/wp-content\/uploads\/2026\/02\/IMG_4467-300x225.jpeg 300w, https:\/\/seileraudio.de\/wp-content\/uploads\/2026\/02\/IMG_4467-768x576.jpeg 768w, https:\/\/seileraudio.de\/wp-content\/uploads\/2026\/02\/IMG_4467-1536x1152.jpeg 1536w, https:\/\/seileraudio.de\/wp-content\/uploads\/2026\/02\/IMG_4467-2048x1536.jpeg 2048w\" sizes=\"auto, (max-width: 1024px) 100vw, 1024px\" \/><figcaption class=\"wp-element-caption\">Zuchtsau in einem Bioland-Betrieb<\/figcaption><\/figure>\n\n\n\n<h2 class=\"wp-block-heading\"><a href=\"https:\/\/www.br.de\/mediathek\/podcast\/radiowissen\/das-schwein-verkanntes-borstentier\/2090612\">Das Schwein -Verkanntes Borstentier<\/a><\/h2>\n\n\n\n<hr class=\"wp-block-separator has-alpha-channel-opacity\"\/>\n\n\n\n<hr class=\"wp-block-separator has-alpha-channel-opacity\"\/>\n\n\n\n<p class=\"has-extra-large-font-size\"><a href=\"https:\/\/www.br.de\/mediathek\/podcast\/radiowissen\/der-dackel-auf-kurzen-beinen-zur-kultfigur-1\/2084551\" target=\"_blank\" rel=\"noreferrer noopener\">Der Dackel<\/a> &#8211; Auf kurzen Beinen zur Kultfigur<\/p>\n\n\n\n<p>Dackelartige Hunde gibt es seit dem Mittelalter. Kurzbeinige Hunde wurden zur Jagd in unterirdischen Fuchs- und Dachsbauten eingesetzt. Mutig mussten sie sein und zur Not auch ohne den J\u00e4ger klarkommen. (BR 2017)<\/p>\n\n\n\n<hr class=\"wp-block-separator has-alpha-channel-opacity\"\/>\n\n\n\n<div class=\"wp-block-columns is-layout-flex wp-container-core-columns-is-layout-28f84493 wp-block-columns-is-layout-flex\">\n<div class=\"wp-block-column is-vertically-aligned-center is-layout-flow wp-block-column-is-layout-flow\" style=\"flex-basis:80%\">\n<p class=\"has-extra-large-font-size\"><a href=\"https:\/\/www.br.de\/mediathek\/podcast\/radiowissen\/ziegen-weidetiere-im-klimawandel\/2043090\" target=\"_blank\" rel=\"noreferrer noopener\">Ziegen<\/a> &#8211; Weidetiere im Klimawandel<\/p>\n\n\n\n<figure class=\"wp-block-image aligncenter size-large\"><img loading=\"lazy\" decoding=\"async\" width=\"1024\" height=\"768\" src=\"https:\/\/seileraudio.de\/wp-content\/uploads\/2023\/10\/IMG_4245-1024x768.jpg\" alt=\"\" class=\"wp-image-205\" srcset=\"https:\/\/seileraudio.de\/wp-content\/uploads\/2023\/10\/IMG_4245-1024x768.jpg 1024w, https:\/\/seileraudio.de\/wp-content\/uploads\/2023\/10\/IMG_4245-300x225.jpg 300w, https:\/\/seileraudio.de\/wp-content\/uploads\/2023\/10\/IMG_4245-768x576.jpg 768w, https:\/\/seileraudio.de\/wp-content\/uploads\/2023\/10\/IMG_4245-1536x1152.jpg 1536w, https:\/\/seileraudio.de\/wp-content\/uploads\/2023\/10\/IMG_4245-2048x1536.jpg 2048w, https:\/\/seileraudio.de\/wp-content\/uploads\/2023\/10\/IMG_4245-1568x1176.jpg 1568w\" sizes=\"auto, (max-width: 1024px) 100vw, 1024px\" \/><figcaption class=\"wp-element-caption\">Ziege Beatrix unterwegs auf der Haide<\/figcaption><\/figure>\n\n\n\n<p>Ziegen sind neugierige, intelligente Tiere mit einer engen Bindung an die Menschen, die sie versorgen. Wie funktionieren sie als Herde? K\u00f6nnen sie Biotope sch\u00fctzen und damit einige Folgen des Klimawandels begrenzen? Im Naturschutz setzt man zunehmend auf wiederk\u00e4uende Weidetiere wie die Ziegen<\/p>\n<\/div>\n\n\n\n<div class=\"wp-block-column is-vertically-aligned-center is-layout-flow wp-block-column-is-layout-flow\"><\/div>\n<\/div>\n\n\n\n<hr class=\"wp-block-separator has-css-opacity is-style-twentytwentyone-separator-thick\"\/>\n\n\n\n<div class=\"wp-block-columns is-layout-flex wp-container-core-columns-is-layout-28f84493 wp-block-columns-is-layout-flex\">\n<div class=\"wp-block-column is-vertically-aligned-center is-layout-flow wp-block-column-is-layout-flow\" style=\"flex-basis:80%\">\n<p class=\"has-extra-large-font-size\"><a href=\"https:\/\/www.br.de\/mediathek\/podcast\/radiowissen\/der-star-ein-gesangstalent-alles-natur-1\/1976503\" target=\"_blank\" rel=\"noreferrer noopener\">Der Star<\/a><\/p>\n\n\n\n<h4 class=\"wp-block-heading\">Ein Gesangstalent <\/h4>\n\n\n\n<p>Stimmenimitator, Formationsflieger, Obstr\u00e4uber: Der europ\u00e4ische Star begegnet uns in vielen Rollen, nicht alle sind uns Menschen angenehm. Und meistens tritt er in Massen auf, denn der schimmernde Vogel ist ausgesprochen gesellig. Die Wissenschaft stellt er vor faszinierende R\u00e4tsel.<\/p>\n<\/div>\n\n\n\n<div class=\"wp-block-column is-vertically-aligned-center is-layout-flow wp-block-column-is-layout-flow\"><\/div>\n<\/div>\n\n\n\n<hr class=\"wp-block-separator has-css-opacity is-style-twentytwentyone-separator-thick\"\/>\n\n\n\n<div class=\"wp-block-columns is-layout-flex wp-container-core-columns-is-layout-28f84493 wp-block-columns-is-layout-flex\">\n<div class=\"wp-block-column is-vertically-aligned-center is-layout-flow wp-block-column-is-layout-flow\" style=\"flex-basis:80%\">\n<p class=\"has-extra-large-font-size\"><a href=\"https:\/\/www.br.de\/mediathek\/podcast\/radiowissen\/ameisen-staatenbildende-insekten-der-superlative\/1810077\" target=\"_blank\" rel=\"noreferrer noopener\">Ameisen<\/a><\/p>\n<\/div>\n\n\n\n<div class=\"wp-block-column is-vertically-aligned-center is-layout-flow wp-block-column-is-layout-flow\"><\/div>\n<\/div>\n\n\n\n<h4 class=\"wp-block-heading\">Ameisen &#8211; Staatenbildende Insekten der Superlative<\/h4>\n\n\n\n<p>Die Verhaltensvielfalt im Reich der Ameisen ist einzigartig, kaum eine andere Insektenfamilie besiedelt so viele Lebensr\u00e4ume. G\u00e4rtnerei, Kriegsf\u00fchrung und Staatsgr\u00fcndung geh\u00f6ren zum Leben der faszinierenden Krabbeltiere.<\/p>\n\n\n\n<p><\/p>\n\n\n\n<hr class=\"wp-block-separator has-css-opacity is-style-twentytwentyone-separator-thick\"\/>\n\n\n\n<hr class=\"wp-block-separator has-css-opacity is-style-twentytwentyone-separator-thick\"\/>\n\n\n\n<div class=\"wp-block-columns is-layout-flex wp-container-core-columns-is-layout-28f84493 wp-block-columns-is-layout-flex\">\n<div class=\"wp-block-column is-vertically-aligned-center is-layout-flow wp-block-column-is-layout-flow\" style=\"flex-basis:80%\">\n<p class=\"has-extra-large-font-size\"><a href=\"https:\/\/www.br.de\/mediathek\/podcast\/radiowissen\/auf-wanderschaft-wie-zugvoegel-ihren-weg-finden\/1807233\" target=\"_blank\" rel=\"noreferrer noopener\"><\/a><a rel=\"noreferrer noopener\" href=\"https:\/\/www.br.de\/mediathek\/podcast\/radiowissen\/auf-wanderschaft-wie-zugvoegel-ihren-weg-finden\/1807233\" target=\"_blank\">Zugv\u00f6gel<\/a><\/p>\n<\/div>\n\n\n\n<div class=\"wp-block-column is-vertically-aligned-center is-layout-flow wp-block-column-is-layout-flow\"><\/div>\n<\/div>\n\n\n\n<h4 class=\"wp-block-heading\">Auf Wanderschaft &#8211; Wie Zugv\u00f6gel ihren Weg finden<\/h4>\n\n\n\n<p>Der Vogelzug ist eins der gro\u00dfen Geheimnisse der Biologie. Warum fliegen V\u00f6gel so weite Strecken? Wie finden sie nach Hause? Und was hat sich durch den Klimawandel an ihrer Wanderschaft ver\u00e4ndert?<\/p>\n\n\n\n<p><\/p>\n\n\n\n<hr class=\"wp-block-separator has-css-opacity is-style-twentytwentyone-separator-thick\"\/>\n\n\n\n<div class=\"wp-block-columns is-layout-flex wp-container-core-columns-is-layout-28f84493 wp-block-columns-is-layout-flex\">\n<div class=\"wp-block-column is-vertically-aligned-center is-layout-flow wp-block-column-is-layout-flow\" style=\"flex-basis:80%\">\n<p class=\"has-extra-large-font-size\"><a href=\"https:\/\/www.br.de\/mediathek\/podcast\/radiowissen\/qualzucht-tierleid-fuer-menschliche-beduerfnisse\/1861746\">Qualzucht<\/a><\/p>\n\n\n\n<p>Qualzucht, also z\u00fcchterisch bedingte Deformation, betrifft die unterschiedlichsten Tierarten. Die Liste ist erschreckend lang, sie reicht vom Goldfisch bis zum arabischen Vollblut. Wozu brauchen Menschen Tiere, die nur unter k\u00f6rperlichen Beeintr\u00e4chtigungen leben k\u00f6nnen?<\/p>\n<\/div>\n\n\n\n<div class=\"wp-block-column is-vertically-aligned-center is-layout-flow wp-block-column-is-layout-flow\"><\/div>\n<\/div>\n\n\n\n<hr class=\"wp-block-separator has-css-opacity is-style-twentytwentyone-separator-thick\"\/>\n\n\n\n<div class=\"wp-block-columns is-layout-flex wp-container-core-columns-is-layout-28f84493 wp-block-columns-is-layout-flex\">\n<div class=\"wp-block-column is-vertically-aligned-center is-layout-flow wp-block-column-is-layout-flow\" style=\"flex-basis:80%\">\n<p class=\"has-extra-large-font-size\"><a href=\"https:\/\/www.br.de\/mediathek\/podcast\/radiowissen\/der-esel-die-entdeckung-der-langsamkeit\/32393\" target=\"_blank\" rel=\"noreferrer noopener\">Der Esel<\/a><\/p>\n\n\n\n<h4 class=\"wp-block-heading\">Der Esel &#8211; Die Entdeckung der Langsamkeit<\/h4>\n\n\n\n<p>Der Esel ist eine besonders schillernde Kreatur. Einerseits haftet ihm der Ruf an, st\u00f6rrisch, dumm, faul zu sein, andererseits verlassen sich Menschen seit Jahrtausenden auf seine Zuverl\u00e4ssigkeit und St\u00e4rke. (BR 2016)<\/p>\n<\/div>\n\n\n\n<div class=\"wp-block-column is-vertically-aligned-center is-layout-flow wp-block-column-is-layout-flow\"><\/div>\n<\/div>\n\n\n\n<hr class=\"wp-block-separator has-css-opacity is-style-twentytwentyone-separator-thick\"\/>\n\n\n\n<div class=\"wp-block-columns is-layout-flex wp-container-core-columns-is-layout-28f84493 wp-block-columns-is-layout-flex\">\n<div class=\"wp-block-column is-vertically-aligned-center is-layout-flow wp-block-column-is-layout-flow\" style=\"flex-basis:80%\">\n<p class=\"has-extra-large-font-size\"><a href=\"https:\/\/www.br.de\/mediathek\/podcast\/radiowissen\/tierische-waldpfleger-insekten-voegel-eichhoernchen-1\/1607991\" target=\"_blank\" rel=\"noreferrer noopener\">Tierische Waldpfleger<\/a><\/p>\n\n\n\n<h4 class=\"wp-block-heading\">Insekten, V\u00f6gel, Eichh\u00f6rnchen<\/h4>\n\n\n\n<p>W\u00e4lder sind komplizierte \u00d6kosysteme, in denen Tiere eine tragende Rolle spielen. Im \u00f6kologischen Gleichgewicht wirken sie zusammen, um das Wachstum des Waldes zu f\u00f6rdern. (BR 2019)&nbsp;  <\/p>\n<\/div>\n\n\n\n<div class=\"wp-block-column is-vertically-aligned-center is-layout-flow wp-block-column-is-layout-flow\"><\/div>\n<\/div>\n\n\n\n<hr class=\"wp-block-separator has-css-opacity is-style-default\"\/>\n","protected":false},"excerpt":{"rendered":"<p>Nutztiere &#8211; Renate, Beatrix und Sau 6614 Das Feature, produziert von Deutschlandfunk Kultur, erhielt bei der Gr\u00fcnen Woche 2025 den Preis &#8222;Faire Milch&#8220; vom Bundesverband deutscher Milchviehhalter. 94 Prozent aller S\u00e4ugetiere auf der Welt sind Nutztiere. Drei davon stehen im Mittelpunkt dieses Features: Eine Hochleistungskuh, eine Freilandziege und eine Zuchtsau. Wie schauen wir heute auf [&hellip;]<\/p>\n","protected":false},"author":1,"featured_media":0,"parent":0,"menu_order":0,"comment_status":"closed","ping_status":"open","template":"","meta":{"ngg_post_thumbnail":0,"footnotes":""},"class_list":["post-5","page","type-page","status-publish","hentry"],"_links":{"self":[{"href":"https:\/\/seileraudio.de\/index.php?rest_route=\/wp\/v2\/pages\/5","targetHints":{"allow":["GET"]}}],"collection":[{"href":"https:\/\/seileraudio.de\/index.php?rest_route=\/wp\/v2\/pages"}],"about":[{"href":"https:\/\/seileraudio.de\/index.php?rest_route=\/wp\/v2\/types\/page"}],"author":[{"embeddable":true,"href":"https:\/\/seileraudio.de\/index.php?rest_route=\/wp\/v2\/users\/1"}],"replies":[{"embeddable":true,"href":"https:\/\/seileraudio.de\/index.php?rest_route=%2Fwp%2Fv2%2Fcomments&post=5"}],"version-history":[{"count":23,"href":"https:\/\/seileraudio.de\/index.php?rest_route=\/wp\/v2\/pages\/5\/revisions"}],"predecessor-version":[{"id":245,"href":"https:\/\/seileraudio.de\/index.php?rest_route=\/wp\/v2\/pages\/5\/revisions\/245"}],"wp:attachment":[{"href":"https:\/\/seileraudio.de\/index.php?rest_route=%2Fwp%2Fv2%2Fmedia&parent=5"}],"curies":[{"name":"wp","href":"https:\/\/api.w.org\/{rel}","templated":true}]}}