{"id":4,"date":"2020-12-01T11:00:21","date_gmt":"2020-12-01T11:00:21","guid":{"rendered":"https:\/\/seileraudio.de\/?page_id=4"},"modified":"2025-01-21T14:42:53","modified_gmt":"2025-01-21T14:42:53","slug":"willkommen-auf-https-seileraudio-de","status":"publish","type":"page","link":"https:\/\/seileraudio.de\/?page_id=4","title":{"rendered":"Radiofeature"},"content":{"rendered":"\n<h2 class=\"wp-block-heading\"><a href=\"https:\/\/www.ardaudiothek.de\/episode\/feature\/kinder-am-limit-wege-aus-der-armut\/swr-kultur\/13935057\/\">Kinder am Limit<\/a> &#8211; Wege aus der Armut<\/h2>\n\n\n\n<p>Kinder sind abh\u00e4ngig von ihren Eltern. Statistisch gesehen ist ihr Armutsrisiko besonders gro\u00df, wenn sie nur bei einem Elternteil aufwachsen oder viele Geschwister haben. Aber was ist \u00fcberhaupt Armut? Das kann von Fall zu Fall sehr unterschiedlich sein. Armut hat mit Geldsorgen zu tun, mit Mangel an Sicherheit, mit fehlenden Bildungs- und Entwicklungschancen, mit Behinderung. Was bedeutet das f\u00fcr ein Kind, einen Jugendlichen, eine Mutter? Menschen erz\u00e4hlen von ihrem schwierigen Lebensweg und davon, was ihnen hilft, der Armut zu entkommen. <\/p>\n\n\n\n<p>Produktion: SWR 2024<\/p>\n\n\n\n<hr class=\"wp-block-separator has-alpha-channel-opacity\"\/>\n\n\n\n<h2 class=\"wp-block-heading\"><a href=\"https:\/\/www.hoerspielundfeature.de\/nutztiere-100.html\" target=\"_blank\" rel=\"noreferrer noopener\">Nutztiere<\/a> &#8211; Renate, Beatrix und Sau 66 14<\/h2>\n\n\n\n<p>94 Prozent aller S\u00e4ugetiere auf der Welt sind Nutztiere. Drei davon stehen im Mittelpunkt dieses Features: Eine Hochleistungskuh, eine Freilandziege und eine Zuchtsau. Wie schauen wir heute auf eine jahrtausendealte Praxis?<\/p>\n\n\n\n<p>Am Samstag, 18.1.2025 Hat mir der Bundesverband Deutscher Milchviehhalter f\u00fcr das Feature den Preis &#8222;Faire Milch&#8220; verliehen. N\u00e4heres hier: <a href=\"https:\/\/www.bdm-verband.de\/pressemitteilungen\/journalistenpreis-faire-milch-medienschaffende-beim-bdm-symposium-ausgezeichnet-2\/\">Pressemitteilung<\/a><\/p>\n\n\n\n<figure class=\"wp-block-gallery has-nested-images columns-default is-cropped wp-block-gallery-2 is-layout-flex wp-block-gallery-is-layout-flex\">\n<figure class=\"wp-block-image size-large\"><img loading=\"lazy\" decoding=\"async\" width=\"768\" height=\"1024\" data-id=\"215\" src=\"https:\/\/seileraudio.de\/wp-content\/uploads\/2023\/12\/IMG_4313-768x1024.jpg\" alt=\"\" class=\"wp-image-215\" srcset=\"https:\/\/seileraudio.de\/wp-content\/uploads\/2023\/12\/IMG_4313-768x1024.jpg 768w, https:\/\/seileraudio.de\/wp-content\/uploads\/2023\/12\/IMG_4313-225x300.jpg 225w, https:\/\/seileraudio.de\/wp-content\/uploads\/2023\/12\/IMG_4313-1152x1536.jpg 1152w, https:\/\/seileraudio.de\/wp-content\/uploads\/2023\/12\/IMG_4313-1536x2048.jpg 1536w, https:\/\/seileraudio.de\/wp-content\/uploads\/2023\/12\/IMG_4313-1568x2091.jpg 1568w, https:\/\/seileraudio.de\/wp-content\/uploads\/2023\/12\/IMG_4313-scaled.jpg 1920w\" sizes=\"auto, (max-width: 768px) 100vw, 768px\" \/><figcaption class=\"wp-element-caption\">Renate am Fressgitter<\/figcaption><\/figure>\n\n\n\n<figure class=\"wp-block-image size-large\"><img loading=\"lazy\" decoding=\"async\" width=\"1024\" height=\"768\" data-id=\"217\" src=\"https:\/\/seileraudio.de\/wp-content\/uploads\/2023\/12\/IMG_4401-1024x768.jpg\" alt=\"\" class=\"wp-image-217\" srcset=\"https:\/\/seileraudio.de\/wp-content\/uploads\/2023\/12\/IMG_4401-1024x768.jpg 1024w, https:\/\/seileraudio.de\/wp-content\/uploads\/2023\/12\/IMG_4401-300x225.jpg 300w, https:\/\/seileraudio.de\/wp-content\/uploads\/2023\/12\/IMG_4401-768x576.jpg 768w, https:\/\/seileraudio.de\/wp-content\/uploads\/2023\/12\/IMG_4401-1536x1152.jpg 1536w, https:\/\/seileraudio.de\/wp-content\/uploads\/2023\/12\/IMG_4401-2048x1536.jpg 2048w, https:\/\/seileraudio.de\/wp-content\/uploads\/2023\/12\/IMG_4401-1568x1176.jpg 1568w\" sizes=\"auto, (max-width: 1024px) 100vw, 1024px\" \/><figcaption class=\"wp-element-caption\">Beatrix und die Ziegenherde auf der Heide<\/figcaption><\/figure>\n\n\n\n<figure class=\"wp-block-image size-large\"><img loading=\"lazy\" decoding=\"async\" width=\"768\" height=\"1024\" data-id=\"216\" src=\"https:\/\/seileraudio.de\/wp-content\/uploads\/2023\/12\/IMG_4353-768x1024.jpg\" alt=\"\" class=\"wp-image-216\" srcset=\"https:\/\/seileraudio.de\/wp-content\/uploads\/2023\/12\/IMG_4353-768x1024.jpg 768w, https:\/\/seileraudio.de\/wp-content\/uploads\/2023\/12\/IMG_4353-225x300.jpg 225w, https:\/\/seileraudio.de\/wp-content\/uploads\/2023\/12\/IMG_4353-1152x1536.jpg 1152w, https:\/\/seileraudio.de\/wp-content\/uploads\/2023\/12\/IMG_4353-1536x2048.jpg 1536w, https:\/\/seileraudio.de\/wp-content\/uploads\/2023\/12\/IMG_4353-1568x2091.jpg 1568w, https:\/\/seileraudio.de\/wp-content\/uploads\/2023\/12\/IMG_4353-scaled.jpg 1920w\" sizes=\"auto, (max-width: 768px) 100vw, 768px\" \/><figcaption class=\"wp-element-caption\">Sau 6614 im Stall<\/figcaption><\/figure>\n<\/figure>\n\n\n\n<p>Regie: Christiane Seiler, Ton Alexander Brenneke, Redaktion: Ingo Kottkamp. Deutschlandfunk Kultur 2023<\/p>\n\n\n\n<hr class=\"wp-block-separator has-alpha-channel-opacity\"\/>\n\n\n\n<h4 class=\"wp-block-heading\"><a href=\"https:\/\/www1.wdr.de\/mediathek\/audio\/wdr5\/wdr5-dok5-das-feature\/audio-notfall-feuerwehr----warum-eine-institution-sich-erneuern-muss-100.html\" target=\"_blank\" rel=\"noreferrer noopener\">Notfall Feuerwehr<\/a><\/h4>\n\n\n\n<p>Von Charly Kowalczyk und Christiane Seiler <\/p>\n\n\n\n<p>WDR\/DLF\/RB\/SR 2022<\/p>\n\n\n\n<hr class=\"wp-block-separator has-alpha-channel-opacity\"\/>\n\n\n\n<p><\/p>\n\n\n\n<h4 class=\"wp-block-heading\">Honig und Eisen. Reisen in das Kriegsgebiet der Ostukraine. <\/h4>\n\n\n\n<figure class=\"wp-block-gallery has-nested-images columns-default is-cropped wp-block-gallery-3 is-layout-flex wp-block-gallery-is-layout-flex\">\n<figure class=\"wp-block-image size-large\"><img loading=\"lazy\" decoding=\"async\" width=\"768\" height=\"1024\" data-id=\"110\" src=\"https:\/\/seileraudio.de\/wp-content\/uploads\/2021\/01\/20160813_110157-768x1024.jpg\" alt=\"\" class=\"wp-image-110\" srcset=\"https:\/\/seileraudio.de\/wp-content\/uploads\/2021\/01\/20160813_110157-768x1024.jpg 768w, https:\/\/seileraudio.de\/wp-content\/uploads\/2021\/01\/20160813_110157-225x300.jpg 225w, https:\/\/seileraudio.de\/wp-content\/uploads\/2021\/01\/20160813_110157-1152x1536.jpg 1152w, https:\/\/seileraudio.de\/wp-content\/uploads\/2021\/01\/20160813_110157-1536x2048.jpg 1536w, https:\/\/seileraudio.de\/wp-content\/uploads\/2021\/01\/20160813_110157-1568x2091.jpg 1568w, https:\/\/seileraudio.de\/wp-content\/uploads\/2021\/01\/20160813_110157-rotated.jpg 1920w\" sizes=\"auto, (max-width: 768px) 100vw, 768px\" \/><figcaption class=\"wp-element-caption\">Verk\u00e4uferin auf dem Markt in Kramatorsk<\/figcaption><\/figure>\n\n\n\n<figure class=\"wp-block-image size-large\"><img loading=\"lazy\" decoding=\"async\" width=\"768\" height=\"1024\" data-id=\"109\" src=\"https:\/\/seileraudio.de\/wp-content\/uploads\/2021\/01\/20160328_164404-768x1024.jpg\" alt=\"Donezk 2016\" class=\"wp-image-109\" srcset=\"https:\/\/seileraudio.de\/wp-content\/uploads\/2021\/01\/20160328_164404-768x1024.jpg 768w, https:\/\/seileraudio.de\/wp-content\/uploads\/2021\/01\/20160328_164404-225x300.jpg 225w, https:\/\/seileraudio.de\/wp-content\/uploads\/2021\/01\/20160328_164404-1152x1536.jpg 1152w, https:\/\/seileraudio.de\/wp-content\/uploads\/2021\/01\/20160328_164404-1536x2048.jpg 1536w, https:\/\/seileraudio.de\/wp-content\/uploads\/2021\/01\/20160328_164404-1568x2091.jpg 1568w, https:\/\/seileraudio.de\/wp-content\/uploads\/2021\/01\/20160328_164404-rotated.jpg 1920w\" sizes=\"auto, (max-width: 768px) 100vw, 768px\" \/><figcaption class=\"wp-element-caption\">Der &#8222;Pr\u00e4sident&#8220; der DNR, Donezk 2016<\/figcaption><\/figure>\n\n\n\n<figure class=\"wp-block-image size-large\"><img loading=\"lazy\" decoding=\"async\" width=\"1024\" height=\"768\" data-id=\"108\" src=\"https:\/\/seileraudio.de\/wp-content\/uploads\/2021\/01\/IMG_1244-1024x768-1.jpg\" alt=\"\" class=\"wp-image-108\" srcset=\"https:\/\/seileraudio.de\/wp-content\/uploads\/2021\/01\/IMG_1244-1024x768-1.jpg 1024w, https:\/\/seileraudio.de\/wp-content\/uploads\/2021\/01\/IMG_1244-1024x768-1-300x225.jpg 300w, https:\/\/seileraudio.de\/wp-content\/uploads\/2021\/01\/IMG_1244-1024x768-1-768x576.jpg 768w\" sizes=\"auto, (max-width: 1024px) 100vw, 1024px\" \/><figcaption class=\"wp-element-caption\">Preisverleihung 2018<\/figcaption><\/figure>\n<\/figure>\n\n\n\n<p>Ausgezeichnet mit dem n-ost Reportagepreis 2018<\/p>\n\n\n\n<ul class=\"wp-block-list\">\n<li><span style=\"color:#39414D\" class=\"tadv-color\">Autorin und Regie: Christiane Seiler<\/span><\/li>\n\n\n\n<li><span style=\"color:#39414D\" class=\"tadv-color\">Mit: Anne Schirmacher, Simone Kabst, Jonathan Kutzner, Max Urlacher<\/span><\/li>\n\n\n\n<li><span style=\"color:#39414D\" class=\"tadv-color\">Ton: Jean Szymczak<\/span><\/li>\n<\/ul>\n\n\n\n<p><span style=\"color:#39414D\" class=\"tadv-color\">Produktion: Deutschlandradio Kultur 2017<\/span><\/p>\n\n\n\n<p><a rel=\"noreferrer noopener\" href=\"https:\/\/www.deutschlandfunkkultur.de\/ursendung-krieg-in-der-ukraine-honig-und-eisen.3682.de.html?dram:article_id=384733\" target=\"_blank\"><span style=\"color:#39414D\" class=\"tadv-color\">Honig und Eisen<\/span><\/a><\/p>\n\n\n\n<hr class=\"wp-block-separator has-text-color has-white-color has-css-opacity has-white-background-color has-background\"\/>\n\n\n\n<figure class=\"wp-block-gallery has-nested-images columns-default is-cropped wp-block-gallery-4 is-layout-flex wp-block-gallery-is-layout-flex\"><\/figure>\n\n\n\n<h4 class=\"wp-block-heading\">Vater zieht in den Krieg. Eine Reise durch Frankreich in sechs Bildern.<\/h4>\n\n\n\n<hr class=\"wp-block-separator has-alpha-channel-opacity\"\/>\n","protected":false},"excerpt":{"rendered":"<p>Kinder am Limit &#8211; Wege aus der Armut Kinder sind abh\u00e4ngig von ihren Eltern. Statistisch gesehen ist ihr Armutsrisiko besonders gro\u00df, wenn sie nur bei einem Elternteil aufwachsen oder viele Geschwister haben. Aber was ist \u00fcberhaupt Armut? Das kann von Fall zu Fall sehr unterschiedlich sein. Armut hat mit Geldsorgen zu tun, mit Mangel an [&hellip;]<\/p>\n","protected":false},"author":1,"featured_media":0,"parent":0,"menu_order":0,"comment_status":"closed","ping_status":"open","template":"","meta":{"ngg_post_thumbnail":0,"footnotes":""},"class_list":["post-4","page","type-page","status-publish","hentry"],"_links":{"self":[{"href":"https:\/\/seileraudio.de\/index.php?rest_route=\/wp\/v2\/pages\/4","targetHints":{"allow":["GET"]}}],"collection":[{"href":"https:\/\/seileraudio.de\/index.php?rest_route=\/wp\/v2\/pages"}],"about":[{"href":"https:\/\/seileraudio.de\/index.php?rest_route=\/wp\/v2\/types\/page"}],"author":[{"embeddable":true,"href":"https:\/\/seileraudio.de\/index.php?rest_route=\/wp\/v2\/users\/1"}],"replies":[{"embeddable":true,"href":"https:\/\/seileraudio.de\/index.php?rest_route=%2Fwp%2Fv2%2Fcomments&post=4"}],"version-history":[{"count":12,"href":"https:\/\/seileraudio.de\/index.php?rest_route=\/wp\/v2\/pages\/4\/revisions"}],"predecessor-version":[{"id":226,"href":"https:\/\/seileraudio.de\/index.php?rest_route=\/wp\/v2\/pages\/4\/revisions\/226"}],"wp:attachment":[{"href":"https:\/\/seileraudio.de\/index.php?rest_route=%2Fwp%2Fv2%2Fmedia&parent=4"}],"curies":[{"name":"wp","href":"https:\/\/api.w.org\/{rel}","templated":true}]}}