{"id":171,"date":"2022-03-02T14:33:29","date_gmt":"2022-03-02T14:33:29","guid":{"rendered":"https:\/\/seileraudio.de\/?page_id=171"},"modified":"2026-02-13T16:30:32","modified_gmt":"2026-02-13T16:30:32","slug":"ukraine","status":"publish","type":"page","link":"https:\/\/seileraudio.de\/?page_id=171","title":{"rendered":"Ukraine"},"content":{"rendered":"\n<h2 class=\"wp-block-heading\">Der \u00dcberfall<\/h2>\n\n\n\n<p>SWR-Featurereihe von Christiane Seiler<\/p>\n\n\n\n<p><\/p>\n\n\n\n<p>Uschhorod liegt im Westen der Ukraine, in den Karpaten, weit weg von der Kriegsfront im Osten. Doch auch hier ert\u00f6nt fast t\u00e4glich der Luftalarm.<\/p>\n\n\n\n<p>Tausende Ukrainer*innen sind seit dem \u00dcberfall Russlands am 24. Februar 2022 nach Uschhorod geflohen, die Stadt hat sich ver\u00e4ndert.<\/p>\n\n\n\n<p>Wie erleben Einheimische und Gefl\u00fcchtete den Krieg, wie ertragen sie das Bangen um Angeh\u00f6rige und Freunde?<\/p>\n\n\n\n<p>\u201eWir sind durch die H\u00f6lle gegangen.\u201c \u2013 \u201eJetzt sind wir gl\u00fccklich, dass wir in Uschhorod sind.\u201c (Dmytro und Vjera, Dramatheater Mariupol)<\/p>\n\n\n\n<p><\/p>\n\n\n\n<p><a href=\"https:\/\/www.swr.de\/swr2\/wissen\/ukraine-zerrissen-zwischen-der-eu-und-russland-100.html\"><strong>30 Jahre unabh\u00e4ngige Ukraine<\/strong><\/a><\/p>\n\n\n\n<p><strong><a href=\"https:\/\/www.br.de\/mediathek\/podcast\/radiowissen\/die-ukraine-seit-1914-ein-staat-sucht-sich-selbst-1\/1849799\">Ukrainische Geschichte seit <\/a>1914<\/strong><\/p>\n\n\n\n<p><\/p>\n\n\n\n<p><\/p>\n\n\n\n<p><\/p>\n","protected":false},"excerpt":{"rendered":"<p>Der \u00dcberfall SWR-Featurereihe von Christiane Seiler Uschhorod liegt im Westen der Ukraine, in den Karpaten, weit weg von der Kriegsfront im Osten. Doch auch hier ert\u00f6nt fast t\u00e4glich der Luftalarm. Tausende Ukrainer*innen sind seit dem \u00dcberfall Russlands am 24. Februar 2022 nach Uschhorod geflohen, die Stadt hat sich ver\u00e4ndert. Wie erleben Einheimische und Gefl\u00fcchtete den [&hellip;]<\/p>\n","protected":false},"author":1,"featured_media":0,"parent":0,"menu_order":0,"comment_status":"closed","ping_status":"closed","template":"","meta":{"ngg_post_thumbnail":0,"footnotes":""},"class_list":["post-171","page","type-page","status-publish","hentry"],"_links":{"self":[{"href":"https:\/\/seileraudio.de\/index.php?rest_route=\/wp\/v2\/pages\/171","targetHints":{"allow":["GET"]}}],"collection":[{"href":"https:\/\/seileraudio.de\/index.php?rest_route=\/wp\/v2\/pages"}],"about":[{"href":"https:\/\/seileraudio.de\/index.php?rest_route=\/wp\/v2\/types\/page"}],"author":[{"embeddable":true,"href":"https:\/\/seileraudio.de\/index.php?rest_route=\/wp\/v2\/users\/1"}],"replies":[{"embeddable":true,"href":"https:\/\/seileraudio.de\/index.php?rest_route=%2Fwp%2Fv2%2Fcomments&post=171"}],"version-history":[{"count":6,"href":"https:\/\/seileraudio.de\/index.php?rest_route=\/wp\/v2\/pages\/171\/revisions"}],"predecessor-version":[{"id":247,"href":"https:\/\/seileraudio.de\/index.php?rest_route=\/wp\/v2\/pages\/171\/revisions\/247"}],"wp:attachment":[{"href":"https:\/\/seileraudio.de\/index.php?rest_route=%2Fwp%2Fv2%2Fmedia&parent=171"}],"curies":[{"name":"wp","href":"https:\/\/api.w.org\/{rel}","templated":true}]}}